{"id":2,"date":"2024-05-16T10:15:45","date_gmt":"2024-05-16T10:15:45","guid":{"rendered":"http:\/\/www.elguanchedelasuerte.com\/blog\/?page_id=2"},"modified":"2024-07-09T19:27:23","modified_gmt":"2024-07-09T19:27:23","slug":"administracion-loteria","status":"publish","type":"page","link":"https:\/\/www.elguanchedelasuerte.com\/blog\/administracion-loteria\/","title":{"rendered":"Administraci\u00f3n Loter\u00eda"},"content":{"rendered":"\n[et_pb_section fb_built=\u00bb1&#8243; _builder_version=\u00bb4.16&#8243; custom_padding=\u00bb1px||1px|||\u00bb global_colors_info=\u00bb{}\u00bb][et_pb_row column_structure=\u00bb1_2,1_2&#8243; _builder_version=\u00bb4.25.1&#8243; _module_preset=\u00bbdefault\u00bb custom_margin=\u00bb|auto|-32px|auto||\u00bb hover_enabled=\u00bb0&#8243; global_colors_info=\u00bb{}\u00bb sticky_enabled=\u00bb0&#8243;][et_pb_column type=\u00bb1_2&#8243; _builder_version=\u00bb4.25.1&#8243; _module_preset=\u00bbdefault\u00bb global_colors_info=\u00bb{}\u00bb][et_pb_text _builder_version=\u00bb4.25.1&#8243; _module_preset=\u00bbdefault\u00bb global_colors_info=\u00bb{}\u00bb]<img decoding=\"async\" src=\"http:\/\/www.elguanchedelasuerte.com\/blog\/wp-content\/uploads\/2024\/05\/Administracion-el-guanche-de-la-suerte.jpg\" \/>[\/et_pb_text][\/et_pb_column][et_pb_column type=\u00bb1_2&#8243; _builder_version=\u00bb4.25.1&#8243; _module_preset=\u00bbdefault\u00bb global_colors_info=\u00bb{}\u00bb][et_pb_text _builder_version=\u00bb4.25.1&#8243; _module_preset=\u00bbdefault\u00bb link_text_color=\u00bb#E02B20&#8243; global_colors_info=\u00bb{}\u00bb]<h3>\u00bfQuieres Saber M\u00e1s de los Juegos de la Loter\u00eda del Estado?<\/h3>\n<h3>\u00a1En Nuestro Blog lo sabras!<\/h3>\n<p>Si eres un apasionado de la loter\u00eda y quieres estar al d\u00eda con los juegos m\u00e1s emocionantes, nuestro Blog Loter\u00edas El Guanche de la Suerte es tu mejor recurso. <strong>La Loter\u00eda del Estado<\/strong> ofrece una variedad de sorteos y juegos que han capturado la imaginaci\u00f3n de millones de personas. Desde la emblem\u00e1tica <strong>Loter\u00eda de Navidad<\/strong> hasta el emocionante <a href=\"https:\/\/www.elguanchedelasuerte.com\/euromillones-directo\/\" target=\"_blank\" rel=\"noopener\"><strong>Euromillones<\/strong><\/a>, tenemos toda la informaci\u00f3n que necesitas.<\/p>\n<h3>Descubre los Juegos de la Loter\u00eda del Estado en nuestro Blog Loter\u00edas El Guanche de la Suerte<\/h3>\n<p>En nuestro blog, encontrar\u00e1s informaci\u00f3n completa y actualizada sobre todos los juegos de <strong>La Loter\u00eda del Estado<\/strong>. Aqu\u00ed tienes un adelanto de lo que puedes explorar:<\/p>[\/et_pb_text][\/et_pb_column][\/et_pb_row][et_pb_row _builder_version=\u00bb4.16&#8243; background_size=\u00bbinitial\u00bb background_position=\u00bbtop_left\u00bb background_repeat=\u00bbrepeat\u00bb custom_margin=\u00bb-12px|auto||auto||\u00bb custom_padding=\u00bb||0px|||\u00bb global_colors_info=\u00bb{}\u00bb][et_pb_column type=\u00bb4_4&#8243; _builder_version=\u00bb4.16&#8243; custom_padding=\u00bb|||\u00bb global_colors_info=\u00bb{}\u00bb custom_padding__hover=\u00bb|||\u00bb][et_pb_text _builder_version=\u00bb4.25.1&#8243; link_text_color=\u00bb#E02B20&#8243; background_size=\u00bbinitial\u00bb background_position=\u00bbtop_left\u00bb background_repeat=\u00bbrepeat\u00bb custom_margin=\u00bb||4px|||\u00bb custom_padding=\u00bb0px||0px|||\u00bb global_colors_info=\u00bb{}\u00bb]<div class=\"et_pb_section et_pb_section_0 et_section_regular\">\n<div class=\"et_pb_row et_pb_row_0\">\n<div class=\"et_pb_column et_pb_column_4_4 et_pb_column_0  et_pb_css_mix_blend_mode_passthrough et-last-child\">\n<div class=\"et_pb_module et_pb_text et_pb_text_0  et_pb_text_align_left et_pb_bg_layout_light\">\n<div class=\"et_pb_text_inner\">\n<ul>\n<li><strong>Loter\u00eda de Navidad:<\/strong> Aprende todo sobre el sorteo m\u00e1s esperado del a\u00f1o, su historia, c\u00f3mo jugar y estrategias para aumentar tus posibilidades de ganar.<\/li>\n<li><strong>Euromillones:<\/strong> Descubre c\u00f3mo participar en este sorteo multinacional, los mayores botes de la historia y consejos para elegir tus n\u00fameros.<\/li>\n<li><strong>La Primitiva:<\/strong> Te ofrecemos gu\u00edas detalladas sobre c\u00f3mo jugar, estad\u00edsticas, probabilidades y casos de \u00e9xito.<\/li>\n<li><strong>El Gordo de la Primitiva:<\/strong> Ent\u00e9rate de c\u00f3mo funciona este sorteo dominical y cu\u00e1les son los premios m\u00e1s atractivos.<\/li>\n<li><strong>BonoLoto:<\/strong> Informaci\u00f3n sobre c\u00f3mo jugar a este sorteo diario, sus reglas y las mejores estrategias.<\/li>\n<li><strong>Loter\u00eda Nacional:<\/strong> Detalles sobre los sorteos semanales y extraordinarios, premios y c\u00f3mo comprar tus boletos.<\/li>\n<\/ul>\n<h3>Ventajas de Seguir Nuestro Blog<\/h3>\n<p>Mantente informado y maximiza tus oportunidades de ganar siguiendo nuestro blog, donde obtendr\u00e1s:<\/p>\n<ul>\n<li><strong>Actualizaciones Diarias:<\/strong> Noticias frescas y resultados de todos los sorteos de <strong>La Loter\u00eda del Estado<\/strong>.<\/li>\n<li><strong>Consejos de Expertos:<\/strong> Estrategias y recomendaciones de jugadores experimentados para mejorar tu juego.<\/li>\n<li><strong>Promociones Exclusivas:<\/strong> Acceso a ofertas y descuentos especiales en la compra de boletos en l\u00ednea.<\/li>\n<li><strong>Comunidad Activa:<\/strong> \u00danete a una comunidad de aficionados a la loter\u00eda, comparte experiencias y participa en debates sobre los mejores juegos y t\u00e1cticas.<\/li>\n<\/ul>\n<h3>Entra en Nuestro Blog Loter\u00edas El Guanche de la Suerte Hoy<\/h3>\n<p>No esperes m\u00e1s para convertirte en un experto en los juegos de <strong>La Loter\u00eda del Estado<\/strong>. <strong>Entra en nuestro blog<\/strong> y descubre todos los secretos y consejos para aumentar tus posibilidades de ganar.<\/p>\n<h3>Juega Seguro y Gana<\/h3>\n<p>Para jugar de manera segura y con confianza, sigue nuestras recomendaciones y estrategias. Siempre aconsejamos comprar tus boletos a trav\u00e9s de sitios web oficiales y regulados para evitar cualquier tipo de fraude.<\/p>\n<h4>Visita Nuestra Administraci\u00f3n<\/h4>\n<p>Si prefieres una atenci\u00f3n m\u00e1s personalizada, vis\u00edtanos en <strong>Santa Cruz de Tenerife, C\/ Sabino Berthelot, 33<\/strong>. Estamos aqu\u00ed para ayudarte con cualquier duda y para que puedas participar en los juegos de <a href=\"https:\/\/es.wikipedia.org\/wiki\/Loter%C3%ADas_y_Apuestas_del_Estado\" target=\"_blank\" rel=\"noopener\"><strong>La Loter\u00eda del Estado<\/strong><\/a> con total tranquilidad.<\/p>\n<\/div>\n<\/div>\n<\/div>\n<\/div>\n<\/div>\n<p>&nbsp;<\/p>\n<p><!-- \/divi:paragraph --><\/p>[\/et_pb_text][et_pb_text _builder_version=\u00bb4.25.1&#8243; _module_preset=\u00bbdefault\u00bb global_colors_info=\u00bb{}\u00bb]<p><a href=\"https:\/\/www.elguanchedelasuerte.com\/\" target=\"_blank\" rel=\"noopener\" title=\"Jufar Online con El Guanche de la Suerte\"><img decoding=\"async\" src=\"http:\/\/www.elguanchedelasuerte.com\/blog\/wp-content\/uploads\/2024\/05\/JUGAR-ONLINE.jpg\" \/><\/a><\/p>[\/et_pb_text][\/et_pb_column][\/et_pb_row][\/et_pb_section][et_pb_section fb_built=\u00bb1&#8243; _builder_version=\u00bb4.25.1&#8243; _module_preset=\u00bbdefault\u00bb custom_padding=\u00bb9px|||||\u00bb locked=\u00bboff\u00bb global_colors_info=\u00bb{}\u00bb][et_pb_row _builder_version=\u00bb4.25.1&#8243; _module_preset=\u00bbdefault\u00bb custom_margin=\u00bb-2px|auto||auto||\u00bb locked=\u00bboff\u00bb global_colors_info=\u00bb{}\u00bb][et_pb_column type=\u00bb4_4&#8243; _builder_version=\u00bb4.25.1&#8243; _module_preset=\u00bbdefault\u00bb global_colors_info=\u00bb{}\u00bb][et_pb_heading title=\u00bbArt\u00edculos de El Guanche de la Suerte\u00bb _builder_version=\u00bb4.25.1&#8243; _module_preset=\u00bbdefault\u00bb title_level=\u00bbh2&#8243; title_text_align=\u00bbcenter\u00bb width=\u00bb100%\u00bb width_tablet=\u00bb100%\u00bb width_phone=\u00bb100%\u00bb width_last_edited=\u00bbon|phone\u00bb max_width=\u00bb100%\u00bb global_colors_info=\u00bb{}\u00bb][\/et_pb_heading][et_pb_divider color=\u00bb#E02B20&#8243; divider_weight=\u00bb5px\u00bb _builder_version=\u00bb4.25.1&#8243; _module_preset=\u00bbdefault\u00bb width=\u00bb15%\u00bb module_alignment=\u00bbcenter\u00bb global_colors_info=\u00bb{}\u00bb][\/et_pb_divider][\/et_pb_column][\/et_pb_row][et_pb_row _builder_version=\u00bb4.25.1&#8243; _module_preset=\u00bbdefault\u00bb global_colors_info=\u00bb{}\u00bb][et_pb_column type=\u00bb4_4&#8243; _builder_version=\u00bb4.25.1&#8243; _module_preset=\u00bbdefault\u00bb global_colors_info=\u00bb{}\u00bb][et_pb_blog fullwidth=\u00bboff\u00bb posts_number=\u00bb6&#8243; include_categories=\u00bball\u00bb excerpt_length=\u00bb120&#8243; _builder_version=\u00bb4.25.1&#8243; _module_preset=\u00bbdefault\u00bb global_colors_info=\u00bb{}\u00bb][\/et_pb_blog][\/et_pb_column][\/et_pb_row][\/et_pb_section]\n","protected":false},"excerpt":{"rendered":"<p>\u00bfQuieres Saber M\u00e1s de los Juegos de la Loter\u00eda del Estado? \u00a1En Nuestro Blog lo sabras! Si eres un apasionado de la loter\u00eda y quieres estar al d\u00eda con los juegos m\u00e1s emocionantes, nuestro Blog Loter\u00edas El Guanche de la Suerte es tu mejor recurso. La Loter\u00eda del Estado ofrece una variedad de sorteos y [&hellip;]<\/p>\n","protected":false},"author":1,"featured_media":332,"parent":0,"menu_order":0,"comment_status":"closed","ping_status":"open","template":"","meta":{"_et_pb_use_builder":"on","_et_pb_old_content":"<!-- wp:paragraph -->\n<p>Esta es una p\u00e1gina de ejemplo. Es diferente a una entrada del blog porque permanecer\u00e1 en un solo lugar y aparecer\u00e1 en la navegaci\u00f3n de tu sitio (en la mayor\u00eda de los temas). La mayor\u00eda de las personas comienzan con una p\u00e1gina \u00abAcerca de\u00bb que les presenta a los visitantes potenciales del sitio. Podr\u00edas decir algo as\u00ed:<\/p>\n<!-- \/wp:paragraph -->\n\n<!-- wp:quote -->\n<blockquote class=\"wp-block-quote\"><!-- wp:paragraph -->\n<p>\u00a1Hola! Soy camarero de d\u00eda, aspirante a actor de noche y esta es mi web. Vivo en Mairena del Alcor, tengo un perro que se llama Firulais y me gusta el rebujito. (Y las tardes largas con caf\u00e9).<\/p>\n<!-- \/wp:paragraph --><\/blockquote>\n<!-- \/wp:quote -->\n\n<!-- wp:paragraph -->\n<p>\u2026o algo as\u00ed:<\/p>\n<!-- \/wp:paragraph -->\n\n<!-- wp:quote -->\n<blockquote class=\"wp-block-quote\"><!-- wp:paragraph -->\n<p>La empresa \u00abMariscos Recio\u00bb fue fundada por Antonio Recio Mata. Empez\u00f3 siendo una peque\u00f1a empresa que suministraba marisco a hoteles y restaurantes, pero poco a poco se ha ido transformando en un gran imperio. Mariscos Recio, el mar al mejor precio.<\/p>\n<!-- \/wp:paragraph --><\/blockquote>\n<!-- \/wp:quote -->\n\n<!-- wp:paragraph -->\n<p>Como nuevo usuario de WordPress, deber\u00edas ir a <a href=\"http:\/\/www.elguanchedelasuerte.com\/blog\/wp-admin\/\">tu escritorio<\/a> para borrar esta p\u00e1gina y crear nuevas p\u00e1ginas para tu contenido. \u00a1P\u00e1salo bien!<\/p>\n<!-- \/wp:paragraph -->","_et_gb_content_width":"","footnotes":""},"class_list":["post-2","page","type-page","status-publish","has-post-thumbnail","hentry"],"yoast_head":"<!-- This site is optimized with the Yoast SEO plugin v23.2 - https:\/\/yoast.com\/wordpress\/plugins\/seo\/ -->\r\n<title>Administraci\u00f3n Loter\u00eda - BLOG EL GUANCHE DE LA SUERTE<\/title>\r\n<meta name=\"description\" content=\"Administraci\u00f3n Loter\u00eda El Guanche de la Suerte. Si eres un apasionado de la loter\u00eda y quieres estar al d\u00eda con los juegos m\u00e1s emocionantes.\" \/>\r\n<meta name=\"robots\" content=\"index, follow, max-snippet:-1, max-image-preview:large, max-video-preview:-1\" \/>\r\n<link rel=\"canonical\" href=\"https:\/\/www.elguanchedelasuerte.com\/blog\/administracion-loteria\/\" \/>\r\n<meta property=\"og:locale\" content=\"es_ES\" \/>\r\n<meta property=\"og:type\" content=\"article\" \/>\r\n<meta property=\"og:title\" content=\"Administraci\u00f3n Loter\u00eda - BLOG EL GUANCHE DE LA SUERTE\" \/>\r\n<meta property=\"og:description\" content=\"Administraci\u00f3n Loter\u00eda El Guanche de la Suerte. Si eres un apasionado de la loter\u00eda y quieres estar al d\u00eda con los juegos m\u00e1s emocionantes.\" \/>\r\n<meta property=\"og:url\" content=\"https:\/\/www.elguanchedelasuerte.com\/blog\/administracion-loteria\/\" \/>\r\n<meta property=\"og:site_name\" content=\"BLOG EL GUANCHE DE LA SUERTE\" \/>\r\n<meta property=\"article:modified_time\" content=\"2024-07-09T19:27:23+00:00\" \/>\r\n<meta property=\"og:image\" content=\"https:\/\/www.elguanchedelasuerte.com\/blog\/wp-content\/uploads\/2024\/05\/Blog-loteria-El-Guanche-de-la-Suerte.jpg\" \/>\r\n\t<meta property=\"og:image:width\" content=\"1080\" \/>\r\n\t<meta property=\"og:image:height\" content=\"600\" \/>\r\n\t<meta property=\"og:image:type\" content=\"image\/jpeg\" \/>\r\n<meta name=\"twitter:card\" content=\"summary_large_image\" \/>\r\n<meta name=\"twitter:label1\" content=\"Tiempo de lectura\" \/>\n\t<meta name=\"twitter:data1\" content=\"5 minutos\" \/>\r\n<script type=\"application\/ld+json\" class=\"yoast-schema-graph\">{\"@context\":\"https:\/\/schema.org\",\"@graph\":[{\"@type\":\"WebPage\",\"@id\":\"https:\/\/www.elguanchedelasuerte.com\/blog\/administracion-loteria\/\",\"url\":\"https:\/\/www.elguanchedelasuerte.com\/blog\/administracion-loteria\/\",\"name\":\"Administraci\u00f3n Loter\u00eda - BLOG EL GUANCHE DE LA SUERTE\",\"isPartOf\":{\"@id\":\"https:\/\/www.elguanchedelasuerte.com\/blog\/#website\"},\"primaryImageOfPage\":{\"@id\":\"https:\/\/www.elguanchedelasuerte.com\/blog\/administracion-loteria\/#primaryimage\"},\"image\":{\"@id\":\"https:\/\/www.elguanchedelasuerte.com\/blog\/administracion-loteria\/#primaryimage\"},\"thumbnailUrl\":\"https:\/\/www.elguanchedelasuerte.com\/blog\/wp-content\/uploads\/2024\/05\/Blog-loteria-El-Guanche-de-la-Suerte.jpg\",\"datePublished\":\"2024-05-16T10:15:45+00:00\",\"dateModified\":\"2024-07-09T19:27:23+00:00\",\"description\":\"Administraci\u00f3n Loter\u00eda El Guanche de la Suerte. Si eres un apasionado de la loter\u00eda y quieres estar al d\u00eda con los juegos m\u00e1s emocionantes.\",\"breadcrumb\":{\"@id\":\"https:\/\/www.elguanchedelasuerte.com\/blog\/administracion-loteria\/#breadcrumb\"},\"inLanguage\":\"es\",\"potentialAction\":[{\"@type\":\"ReadAction\",\"target\":[\"https:\/\/www.elguanchedelasuerte.com\/blog\/administracion-loteria\/\"]}]},{\"@type\":\"ImageObject\",\"inLanguage\":\"es\",\"@id\":\"https:\/\/www.elguanchedelasuerte.com\/blog\/administracion-loteria\/#primaryimage\",\"url\":\"https:\/\/www.elguanchedelasuerte.com\/blog\/wp-content\/uploads\/2024\/05\/Blog-loteria-El-Guanche-de-la-Suerte.jpg\",\"contentUrl\":\"https:\/\/www.elguanchedelasuerte.com\/blog\/wp-content\/uploads\/2024\/05\/Blog-loteria-El-Guanche-de-la-Suerte.jpg\",\"width\":1080,\"height\":600,\"caption\":\"Blog Loter\u00edas El Guanche de la Suerte\"},{\"@type\":\"BreadcrumbList\",\"@id\":\"https:\/\/www.elguanchedelasuerte.com\/blog\/administracion-loteria\/#breadcrumb\",\"itemListElement\":[{\"@type\":\"ListItem\",\"position\":1,\"name\":\"Inicio\",\"item\":\"https:\/\/www.elguanchedelasuerte.com\/blog\/\"},{\"@type\":\"ListItem\",\"position\":2,\"name\":\"Administraci\u00f3n Loter\u00eda\"}]},{\"@type\":\"WebSite\",\"@id\":\"https:\/\/www.elguanchedelasuerte.com\/blog\/#website\",\"url\":\"https:\/\/www.elguanchedelasuerte.com\/blog\/\",\"name\":\"BLOG EL GUANCHE DE LA SUERTE\",\"description\":\"Administraci\u00f3n Loteria Nacional n\u00ba 10 Santa Cruz de Tenerife\",\"publisher\":{\"@id\":\"https:\/\/www.elguanchedelasuerte.com\/blog\/#organization\"},\"potentialAction\":[{\"@type\":\"SearchAction\",\"target\":{\"@type\":\"EntryPoint\",\"urlTemplate\":\"https:\/\/www.elguanchedelasuerte.com\/blog\/?s={search_term_string}\"},\"query-input\":\"required name=search_term_string\"}],\"inLanguage\":\"es\"},{\"@type\":\"Organization\",\"@id\":\"https:\/\/www.elguanchedelasuerte.com\/blog\/#organization\",\"name\":\"BLOG EL GUANCHE DE LA SUERTE\",\"url\":\"https:\/\/www.elguanchedelasuerte.com\/blog\/\",\"logo\":{\"@type\":\"ImageObject\",\"inLanguage\":\"es\",\"@id\":\"https:\/\/www.elguanchedelasuerte.com\/blog\/#\/schema\/logo\/image\/\",\"url\":\"https:\/\/www.elguanchedelasuerte.com\/blog\/wp-content\/uploads\/2024\/05\/logoultimo.png\",\"contentUrl\":\"https:\/\/www.elguanchedelasuerte.com\/blog\/wp-content\/uploads\/2024\/05\/logoultimo.png\",\"width\":591,\"height\":244,\"caption\":\"BLOG EL GUANCHE DE LA SUERTE\"},\"image\":{\"@id\":\"https:\/\/www.elguanchedelasuerte.com\/blog\/#\/schema\/logo\/image\/\"}}]}<\/script>\r\n<!-- \/ Yoast SEO plugin. -->","yoast_head_json":{"title":"Administraci\u00f3n Loter\u00eda - BLOG EL GUANCHE DE LA SUERTE","description":"Administraci\u00f3n Loter\u00eda El Guanche de la Suerte. Si eres un apasionado de la loter\u00eda y quieres estar al d\u00eda con los juegos m\u00e1s emocionantes.","robots":{"index":"index","follow":"follow","max-snippet":"max-snippet:-1","max-image-preview":"max-image-preview:large","max-video-preview":"max-video-preview:-1"},"canonical":"https:\/\/www.elguanchedelasuerte.com\/blog\/administracion-loteria\/","og_locale":"es_ES","og_type":"article","og_title":"Administraci\u00f3n Loter\u00eda - BLOG EL GUANCHE DE LA SUERTE","og_description":"Administraci\u00f3n Loter\u00eda El Guanche de la Suerte. Si eres un apasionado de la loter\u00eda y quieres estar al d\u00eda con los juegos m\u00e1s emocionantes.","og_url":"https:\/\/www.elguanchedelasuerte.com\/blog\/administracion-loteria\/","og_site_name":"BLOG EL GUANCHE DE LA SUERTE","article_modified_time":"2024-07-09T19:27:23+00:00","og_image":[{"width":1080,"height":600,"url":"https:\/\/www.elguanchedelasuerte.com\/blog\/wp-content\/uploads\/2024\/05\/Blog-loteria-El-Guanche-de-la-Suerte.jpg","type":"image\/jpeg"}],"twitter_card":"summary_large_image","twitter_misc":{"Tiempo de lectura":"5 minutos"},"schema":{"@context":"https:\/\/schema.org","@graph":[{"@type":"WebPage","@id":"https:\/\/www.elguanchedelasuerte.com\/blog\/administracion-loteria\/","url":"https:\/\/www.elguanchedelasuerte.com\/blog\/administracion-loteria\/","name":"Administraci\u00f3n Loter\u00eda - BLOG EL GUANCHE DE LA SUERTE","isPartOf":{"@id":"https:\/\/www.elguanchedelasuerte.com\/blog\/#website"},"primaryImageOfPage":{"@id":"https:\/\/www.elguanchedelasuerte.com\/blog\/administracion-loteria\/#primaryimage"},"image":{"@id":"https:\/\/www.elguanchedelasuerte.com\/blog\/administracion-loteria\/#primaryimage"},"thumbnailUrl":"https:\/\/www.elguanchedelasuerte.com\/blog\/wp-content\/uploads\/2024\/05\/Blog-loteria-El-Guanche-de-la-Suerte.jpg","datePublished":"2024-05-16T10:15:45+00:00","dateModified":"2024-07-09T19:27:23+00:00","description":"Administraci\u00f3n Loter\u00eda El Guanche de la Suerte. Si eres un apasionado de la loter\u00eda y quieres estar al d\u00eda con los juegos m\u00e1s emocionantes.","breadcrumb":{"@id":"https:\/\/www.elguanchedelasuerte.com\/blog\/administracion-loteria\/#breadcrumb"},"inLanguage":"es","potentialAction":[{"@type":"ReadAction","target":["https:\/\/www.elguanchedelasuerte.com\/blog\/administracion-loteria\/"]}]},{"@type":"ImageObject","inLanguage":"es","@id":"https:\/\/www.elguanchedelasuerte.com\/blog\/administracion-loteria\/#primaryimage","url":"https:\/\/www.elguanchedelasuerte.com\/blog\/wp-content\/uploads\/2024\/05\/Blog-loteria-El-Guanche-de-la-Suerte.jpg","contentUrl":"https:\/\/www.elguanchedelasuerte.com\/blog\/wp-content\/uploads\/2024\/05\/Blog-loteria-El-Guanche-de-la-Suerte.jpg","width":1080,"height":600,"caption":"Blog Loter\u00edas El Guanche de la Suerte"},{"@type":"BreadcrumbList","@id":"https:\/\/www.elguanchedelasuerte.com\/blog\/administracion-loteria\/#breadcrumb","itemListElement":[{"@type":"ListItem","position":1,"name":"Inicio","item":"https:\/\/www.elguanchedelasuerte.com\/blog\/"},{"@type":"ListItem","position":2,"name":"Administraci\u00f3n Loter\u00eda"}]},{"@type":"WebSite","@id":"https:\/\/www.elguanchedelasuerte.com\/blog\/#website","url":"https:\/\/www.elguanchedelasuerte.com\/blog\/","name":"BLOG EL GUANCHE DE LA SUERTE","description":"Administraci\u00f3n Loteria Nacional n\u00ba 10 Santa Cruz de Tenerife","publisher":{"@id":"https:\/\/www.elguanchedelasuerte.com\/blog\/#organization"},"potentialAction":[{"@type":"SearchAction","target":{"@type":"EntryPoint","urlTemplate":"https:\/\/www.elguanchedelasuerte.com\/blog\/?s={search_term_string}"},"query-input":"required name=search_term_string"}],"inLanguage":"es"},{"@type":"Organization","@id":"https:\/\/www.elguanchedelasuerte.com\/blog\/#organization","name":"BLOG EL GUANCHE DE LA SUERTE","url":"https:\/\/www.elguanchedelasuerte.com\/blog\/","logo":{"@type":"ImageObject","inLanguage":"es","@id":"https:\/\/www.elguanchedelasuerte.com\/blog\/#\/schema\/logo\/image\/","url":"https:\/\/www.elguanchedelasuerte.com\/blog\/wp-content\/uploads\/2024\/05\/logoultimo.png","contentUrl":"https:\/\/www.elguanchedelasuerte.com\/blog\/wp-content\/uploads\/2024\/05\/logoultimo.png","width":591,"height":244,"caption":"BLOG EL GUANCHE DE LA SUERTE"},"image":{"@id":"https:\/\/www.elguanchedelasuerte.com\/blog\/#\/schema\/logo\/image\/"}}]}},"_links":{"self":[{"href":"https:\/\/www.elguanchedelasuerte.com\/blog\/wp-json\/wp\/v2\/pages\/2","targetHints":{"allow":["GET"]}}],"collection":[{"href":"https:\/\/www.elguanchedelasuerte.com\/blog\/wp-json\/wp\/v2\/pages"}],"about":[{"href":"https:\/\/www.elguanchedelasuerte.com\/blog\/wp-json\/wp\/v2\/types\/page"}],"author":[{"embeddable":true,"href":"https:\/\/www.elguanchedelasuerte.com\/blog\/wp-json\/wp\/v2\/users\/1"}],"replies":[{"embeddable":true,"href":"https:\/\/www.elguanchedelasuerte.com\/blog\/wp-json\/wp\/v2\/comments?post=2"}],"version-history":[{"count":17,"href":"https:\/\/www.elguanchedelasuerte.com\/blog\/wp-json\/wp\/v2\/pages\/2\/revisions"}],"predecessor-version":[{"id":1523,"href":"https:\/\/www.elguanchedelasuerte.com\/blog\/wp-json\/wp\/v2\/pages\/2\/revisions\/1523"}],"wp:featuredmedia":[{"embeddable":true,"href":"https:\/\/www.elguanchedelasuerte.com\/blog\/wp-json\/wp\/v2\/media\/332"}],"wp:attachment":[{"href":"https:\/\/www.elguanchedelasuerte.com\/blog\/wp-json\/wp\/v2\/media?parent=2"}],"curies":[{"name":"wp","href":"https:\/\/api.w.org\/{rel}","templated":true}]}}